{"id":2209,"date":"2016-11-15T09:10:30","date_gmt":"2016-11-15T09:10:30","guid":{"rendered":"https:\/\/www.kargunhome.com\/architectural-services\/"},"modified":"2022-10-03T08:04:38","modified_gmt":"2022-10-03T08:04:38","slug":"architectural-services","status":"publish","type":"page","link":"https:\/\/www.kargunhome.com\/en\/architectural-services\/","title":{"rendered":"Architectural Services"},"content":{"rendered":"<p>[vc_row][vc_column][vc_column_text]<strong>\u201cM\u00fc\u015fterilerinin talebi do\u011frultusunda, kendi gustosunu da \u00f6ne s\u00fcrerek ortak bir mekan yarat\u0131rken; fonksiyonellik ve estetik kriterleri bir arada kullanmaya \u00f6zen g\u00f6sterir.<\/strong><strong>\u201d<\/strong><\/p>\n<p><strong>Karg\u00fcn Home<\/strong> olarak t\u00fcm \u00fcr\u00fcnlerimizde oldu\u011fu gibi duvar dekorasyon \u00fcr\u00fcnlerimizde de tasar\u0131m ve \u00fcretim s\u00fcre\u00e7lerinde bu \u00f6zdeyi\u015ften ilham al\u0131narak imal edilmi\u015f \u00fcr\u00fcnler aras\u0131ndan itina ile se\u00e7eriz.<\/p>\n<p>\u00d6zenle se\u00e7ilmi\u015f \u00fcr\u00fcnleri size en iyi hizmet kalitesiyle sunar\u0131z.<\/p>\n<p>Evinizi bir tuval gibi g\u00f6r\u00fcr\u00fcz. Duvar Dekorasyon \u00fcr\u00fcnlerimiz ile evinizi, tutkulu bir ressam\u0131n f\u0131r\u00e7as\u0131ndan \u00e7\u0131kan sanatsal ve estetik bir resim tablosuna d\u00f6n\u00fc\u015ft\u00fcr\u00fcr\u00fcz.<\/p>\n<p>\u00c7\u00fcnk\u00fc <strong>Karg\u00fcn Home<\/strong> \u015f\u0131k ve estetik mekanlara yak\u0131\u015facak \u00fcr\u00fcnler sunar\u2026<\/p>\n<h3>\u0130\u00e7 Mimar Neler Yapar?<\/h3>\n<p>\u0130\u00e7 mimar ki\u015filerin ya\u015fam alanlar\u0131n\u0131 kullan\u0131\u015fl\u0131 ve g\u00f6rsel anlamda \u015f\u0131k hale getirmek i\u00e7in farkl\u0131 e\u015fya ve aksesuarlar\u0131 bir araya getirerek tasar\u0131m yapan ki\u015fidir.<\/p>\n<h3><strong>\u0130\u00e7 Mimari;<\/strong><\/h3>\n<p>\u0130\u00e7 mimari tasar\u0131m herhangi bir mekan\u0131n i\u00e7ini tasarlama s\u00fcrecine denir. Alanlar\u0131n verimli ve \u015f\u0131k kullan\u0131lmas\u0131na y\u00f6nelik yap\u0131lan i\u00e7 mekan tasarlamalar\u0131, planlama, estetik ve teknik \u00e7\u00f6z\u00fcmler sonucu ba\u015far\u0131ya ula\u015f\u0131r.<\/p>\n<p>\u0130\u00e7 mimarl\u0131k olarak adland\u0131r\u0131lan tasar\u0131m ve sonu\u00e7 s\u00fcre\u00e7lerinin tamam\u0131 ki\u015filere i\u015flevsel ya\u015fam alanlar\u0131 katmak ve g\u00f6rsel ambiyans\u0131 sa\u011flamak i\u00e7in yap\u0131l\u0131r. Pek \u00e7ok fakt\u00f6r i\u00e7 mekan tasar\u0131m\u0131nda rol oynar.<\/p>\n<ul>\n<li>Renk, \u0131\u015f\u0131k, bi\u00e7im (G\u00f6rsel Fakt\u00f6rler)<\/li>\n<li>Y\u00fczey, \u015fekil, doku (Dokunsal fakt\u00f6rler)<\/li>\n<li>G\u00fcr\u00fclt\u00fc, yank\u0131 (\u0130\u015fitsel fakt\u00f6rler)<\/li>\n<\/ul>\n<p>[\/vc_column_text][\/vc_column][\/vc_row][vc_row disable_element=&#8221;yes&#8221; fullwidth=&#8221;yes&#8221; overlay=&#8221;true&#8221; bgcolor=&#8221;rgba(235,205,30,0.9)&#8221; el_class=&#8221;overlay-arc&#8221; css=&#8221;.vc_custom_1661244405025{padding-top: 90px !important;padding-bottom: 90px !important;background-image: url(https:\/\/www.kargunhome.com\/wp-content\/uploads\/2016\/11\/1-21.jpg?id=1070) !important;}&#8221;][vc_column]\n    <div class=\"text-center\">  <a href=\"http:\/\/demo.thememodern.com\/architect\/contact-1\/\" class=\"ot-btn btn-long btn-border-dark \">GET A QUOTE<\/a>\n  <\/div>  [\/vc_column][\/vc_row]<\/p>\n","protected":false},"excerpt":{"rendered":"<p>[vc_row][vc_column][vc_column_text]\u201cM\u00fc\u015fterilerinin talebi do\u011frultusunda, kendi gustosunu da \u00f6ne s\u00fcrerek ortak bir mekan yarat\u0131rken; fonksiyonellik ve estetik kriterleri bir arada kullanmaya \u00f6zen g\u00f6sterir.\u201d Karg\u00fcn Home olarak t\u00fcm \u00fcr\u00fcnlerimizde oldu\u011fu gibi duvar dekorasyon \u00fcr\u00fcnlerimizde de tasar\u0131m ve \u00fcretim s\u00fcre\u00e7lerinde bu \u00f6zdeyi\u015ften ilham al\u0131narak imal edilmi\u015f \u00fcr\u00fcnler aras\u0131ndan itina ile se\u00e7eriz. \u00d6zenle se\u00e7ilmi\u015f \u00fcr\u00fcnleri size en iyi hizmet kalitesiyle [&hellip;]<\/p>\n","protected":false},"author":2,"featured_media":0,"parent":0,"menu_order":0,"comment_status":"closed","ping_status":"closed","template":"page-templates\/template-fullwidth.php","meta":{"footnotes":""},"class_list":["post-2209","page","type-page","status-publish","hentry"],"_links":{"self":[{"href":"https:\/\/www.kargunhome.com\/en\/wp-json\/wp\/v2\/pages\/2209","targetHints":{"allow":["GET"]}}],"collection":[{"href":"https:\/\/www.kargunhome.com\/en\/wp-json\/wp\/v2\/pages"}],"about":[{"href":"https:\/\/www.kargunhome.com\/en\/wp-json\/wp\/v2\/types\/page"}],"author":[{"embeddable":true,"href":"https:\/\/www.kargunhome.com\/en\/wp-json\/wp\/v2\/users\/2"}],"replies":[{"embeddable":true,"href":"https:\/\/www.kargunhome.com\/en\/wp-json\/wp\/v2\/comments?post=2209"}],"version-history":[{"count":0,"href":"https:\/\/www.kargunhome.com\/en\/wp-json\/wp\/v2\/pages\/2209\/revisions"}],"wp:attachment":[{"href":"https:\/\/www.kargunhome.com\/en\/wp-json\/wp\/v2\/media?parent=2209"}],"curies":[{"name":"wp","href":"https:\/\/api.w.org\/{rel}","templated":true}]}}