{"id":2212,"date":"2016-11-17T07:15:25","date_gmt":"2016-11-17T07:15:25","guid":{"rendered":"https:\/\/www.kargunhome.com\/contact-us\/"},"modified":"2022-10-03T08:18:25","modified_gmt":"2022-10-03T08:18:25","slug":"contact-us","status":"publish","type":"page","link":"https:\/\/www.kargunhome.com\/en\/contact-us\/","title":{"rendered":"Contact Us"},"content":{"rendered":"<p>[vc_row el_class=&#8221;padding&#8221;][vc_column width=&#8221;1\/2&#8243; css=&#8221;.vc_custom_1479367825967{padding-left: 30px !important;}&#8221;]\n  <h3 style=\"font-weight: 300;margin-bottom: 36px;\" > Our Contact Information<\/h3> \n\n[vc_column_text css=&#8221;.vc_custom_1661327586079{margin-bottom: 10px !important;}&#8221;]We are ready to listen to your opinions, suggestions, requests and criticisms.[\/vc_column_text][vc_column_text css=&#8221;.vc_custom_1664188622429{margin-bottom: 10px !important;}&#8221;]<\/p>\n<ul class=\"address\">\n<li><i class=\"fa fa-home\"><\/i> <a href=\"https:\/\/www.google.com\/maps?ll=41.007028,29.156948&amp;z=14&amp;t=m&amp;hl=tr&amp;gl=TR&amp;mapclient=embed&amp;cid=14959572242864019418\" target=\"_blank\" rel=\"noopener\">Modoko Mobilyac\u0131lar Sitesi 5.Cadde No:200 Yukar\u0131 Dudullu \u00dcmraniye \/ \u0130stanbul<\/a><\/li>\n<li><i class=\"fa fa-phone\"><\/i> <a href=\"tel:+902163642003\" target=\"_blank\" rel=\"noopener\">+90 216 364 20 03<\/a><\/li>\n<li><i class=\"fa fa-whatsapp\"><\/i> <a href=\"https:\/\/api.whatsapp.com\/send?phone=905072277562&amp;text=Bilgi%20Almak%20%C4%B0stiyorum?\" target=\"_blank\" rel=\"noopener\">+90 507 227 75 62<\/a><\/li>\n<li><i class=\"fa fa-envelope-o\"><\/i> <a href=\"mailto:kargun@kargunhome.com\" target=\"_blank\" rel=\"noopener\">kargun@kargunhome.com<\/a><\/li>\n<li>Our Working Hours 10.00am &#8211; 6.00pm<br \/>\nOur store is closed on <span style=\"text-decoration: underline;\"><strong>Sundays<\/strong><\/span>.<i class=\"fa fa-clock-o\"><\/i><\/li>\n<\/ul>\n<p>[\/vc_column_text][\/vc_column][vc_column width=&#8221;1\/2&#8243; css=&#8221;.vc_custom_1479367821216{padding-right: 30px !important;}&#8221;]\n  <h3 style=\"font-weight: 300;margin-bottom: 36px;\" > Send Us a Message<\/h3> \n\n\n<div class=\"wpcf7 no-js\" id=\"wpcf7-f2216-o1\" lang=\"en-US\" dir=\"ltr\" data-wpcf7-id=\"2216\">\n<div class=\"screen-reader-response\"><p role=\"status\" aria-live=\"polite\" aria-atomic=\"true\"><\/p> <ul><\/ul><\/div>\n<form action=\"\/en\/wp-json\/wp\/v2\/pages\/2212#wpcf7-f2216-o1\" method=\"post\" class=\"wpcf7-form init\" aria-label=\"Contact form\" novalidate=\"novalidate\" data-status=\"init\">\n<div style=\"display: none;\">\n<input type=\"hidden\" name=\"_wpcf7\" value=\"2216\" \/>\n<input type=\"hidden\" name=\"_wpcf7_version\" value=\"6.0.6\" \/>\n<input type=\"hidden\" name=\"_wpcf7_locale\" value=\"en_US\" \/>\n<input type=\"hidden\" name=\"_wpcf7_unit_tag\" value=\"wpcf7-f2216-o1\" \/>\n<input type=\"hidden\" name=\"_wpcf7_container_post\" value=\"0\" \/>\n<input type=\"hidden\" name=\"_wpcf7_posted_data_hash\" value=\"\" \/>\n<\/div>\n<div class=\"form-inline form-contact-arc\">\n\t<div class=\"row\">\n\t\t<div class=\"form-group col-sm-12 \">\n\t\t\t<p><span class=\"wpcf7-form-control-wrap\" data-name=\"yourName\"><input size=\"40\" maxlength=\"400\" class=\"wpcf7-form-control wpcf7-text wpcf7-validates-as-required form-control\" id=\"yourName\" aria-required=\"true\" aria-invalid=\"false\" placeholder=\"Name\" value=\"\" type=\"text\" name=\"yourName\" \/><\/span>\n\t\t\t<\/p>\n\t\t<\/div>\n\t\t<div class=\"form-group col-sm-12\">\n\t\t\t<p><span class=\"wpcf7-form-control-wrap\" data-name=\"yourEmail\"><input size=\"40\" maxlength=\"400\" class=\"wpcf7-form-control wpcf7-email wpcf7-validates-as-required wpcf7-text wpcf7-validates-as-email form-control\" id=\"yourEmail\" aria-required=\"true\" aria-invalid=\"false\" placeholder=\"E-mail\" value=\"\" type=\"email\" name=\"yourEmail\" \/><\/span>\n\t\t\t<\/p>\n\t\t<\/div>\n\t\t<div class=\"form-group col-sm-12\">\n\t\t\t<p><span class=\"wpcf7-form-control-wrap\" data-name=\"yourPhone\"><input size=\"40\" maxlength=\"400\" class=\"wpcf7-form-control wpcf7-text wpcf7-validates-as-required form-control\" id=\"phoneNumber\" aria-required=\"true\" aria-invalid=\"false\" placeholder=\"Phone\" value=\"\" type=\"text\" name=\"yourPhone\" \/><\/span>\n\t\t\t<\/p>\n\t\t<\/div>\n\t<\/div>\n\t<div class=\"input-content\">\n\t\t<div class=\"form-group form-textarea\">\n\t\t\t<p><span class=\"wpcf7-form-control-wrap\" data-name=\"comments\"><textarea cols=\"40\" rows=\"6\" maxlength=\"2000\" class=\"wpcf7-form-control wpcf7-textarea wpcf7-validates-as-required form-control\" id=\"textarea\" aria-required=\"true\" aria-invalid=\"false\" placeholder=\"Message\" name=\"comments\"><\/textarea><\/span>\n\t\t\t<\/p>\n\t\t<\/div>\n\t<\/div>\n\t<p><input class=\"wpcf7-form-control wpcf7-submit has-spinner ot-btn btn-main-color btn-long text-cap btn-submit\" type=\"submit\" value=\"Send\" \/>\n\t<\/p>\n<\/div><div class=\"wpcf7-response-output\" aria-hidden=\"true\"><\/div>\n<\/form>\n<\/div>\n[\/vc_column][\/vc_row][vc_row fullwidth=&#8221;yes&#8221;][vc_column][vc_gmaps link=&#8221;#E-8_JTNDaWZyYW1lJTIwc3JjJTNEJTIyaHR0cHMlM0ElMkYlMkZ3d3cuZ29vZ2xlLmNvbSUyRm1hcHMlMkZlbWJlZCUzRnBiJTNEJTIxMW0xNCUyMTFtOCUyMTFtMyUyMTFkMTIwNDMuMzMyMDUyMTgxNjklMjEyZDI5LjE1Njk0OCUyMTNkNDEuMDA3MDI4JTIxM20yJTIxMWkxMDI0JTIxMmk3NjglMjE0ZjEzLjElMjEzbTMlMjExbTIlMjExczB4MCUyNTNBMHhjZjliMTNiMjE3YjQxN2RhJTIxMnNLYXJnJTI1QzMlMjVCQ24lMjUyMEhvbWUlMjUyMCUyNTI2JTI1MjBBY2Nlc3NvcmllcyUyMTVlMCUyMTNtMiUyMTFzdHIlMjEyc3RyJTIxNHYxNjYxMzI3OTYwNTE5JTIxNW0yJTIxMXN0ciUyMTJzdHIlMjIlMjB3aWR0aCUzRCUyMjYwMCUyMiUyMGhlaWdodCUzRCUyMjQ1MCUyMiUyMHN0eWxlJTNEJTIyYm9yZGVyJTNBMCUzQiUyMiUyMGFsbG93ZnVsbHNjcmVlbiUzRCUyMiUyMiUyMGxvYWRpbmclM0QlMjJsYXp5JTIyJTIwcmVmZXJyZXJwb2xpY3klM0QlMjJuby1yZWZlcnJlci13aGVuLWRvd25ncmFkZSUyMiUzRSUzQyUyRmlmcmFtZSUzRQ==&#8221;][\/vc_column][\/vc_row]<\/p>\n","protected":false},"excerpt":{"rendered":"<p>[vc_row el_class=&#8221;padding&#8221;][vc_column width=&#8221;1\/2&#8243; css=&#8221;.vc_custom_1479367825967{padding-left: 30px !important;}&#8221;][vc_column_text css=&#8221;.vc_custom_1661327586079{margin-bottom: 10px !important;}&#8221;]We are ready to listen to your opinions, suggestions, requests and criticisms.[\/vc_column_text][vc_column_text css=&#8221;.vc_custom_1664188622429{margin-bottom: 10px !important;}&#8221;] Modoko Mobilyac\u0131lar Sitesi 5.Cadde No:200 Yukar\u0131 Dudullu \u00dcmraniye \/ \u0130stanbul +90 216 364 20 03 +90 507 227 75 62 kargun@kargunhome.com Our Working Hours 10.00am &#8211; 6.00pm Our store is closed on [&hellip;]<\/p>\n","protected":false},"author":2,"featured_media":0,"parent":0,"menu_order":0,"comment_status":"closed","ping_status":"closed","template":"page-templates\/template-fullwidth.php","meta":{"footnotes":""},"class_list":["post-2212","page","type-page","status-publish","hentry"],"_links":{"self":[{"href":"https:\/\/www.kargunhome.com\/en\/wp-json\/wp\/v2\/pages\/2212","targetHints":{"allow":["GET"]}}],"collection":[{"href":"https:\/\/www.kargunhome.com\/en\/wp-json\/wp\/v2\/pages"}],"about":[{"href":"https:\/\/www.kargunhome.com\/en\/wp-json\/wp\/v2\/types\/page"}],"author":[{"embeddable":true,"href":"https:\/\/www.kargunhome.com\/en\/wp-json\/wp\/v2\/users\/2"}],"replies":[{"embeddable":true,"href":"https:\/\/www.kargunhome.com\/en\/wp-json\/wp\/v2\/comments?post=2212"}],"version-history":[{"count":0,"href":"https:\/\/www.kargunhome.com\/en\/wp-json\/wp\/v2\/pages\/2212\/revisions"}],"wp:attachment":[{"href":"https:\/\/www.kargunhome.com\/en\/wp-json\/wp\/v2\/media?parent=2212"}],"curies":[{"name":"wp","href":"https:\/\/api.w.org\/{rel}","templated":true}]}}